{"id":80,"date":"2016-07-02T18:34:41","date_gmt":"2016-07-02T16:34:41","guid":{"rendered":"http:\/\/localhost\/?page_id=80"},"modified":"2023-06-29T22:15:08","modified_gmt":"2023-06-29T20:15:08","slug":"nous-contacter","status":"publish","type":"page","link":"https:\/\/csmbb.fr\/index.php\/nous-contacter\/","title":{"rendered":"Contactez-nous"},"content":{"rendered":"\n<h2 class=\"wp-block-heading\">Questions fr\u00e9quentes<\/h2>\n\n\n\n<ul class=\"wp-block-list\">\n<li>L&rsquo;\u00e2ge minimum pour les inscriptions est de <strong>7 ans<\/strong><\/li>\n\n\n\n<li>Pour les joueurs pr\u00e9sents lors de la saison pr\u00e9c\u00e9dente et qui veulent continuer, la pr\u00e9inscription est obligatoire avant le forum des associations, <em>lien pour le pr\u00e9inscription fourni par votre entraineur<\/em><\/li>\n\n\n\n<li>Pour les nouveaux joueurs qui souhaitent s&rsquo;inscrire, les inscriptions se font lors du forum des associations d\u00e9but <strong>septembre<\/strong><\/li>\n<\/ul>\n\n\n\n<p><\/p>\n\n\n<div class=\"caldera-grid\" id=\"caldera_form_1\" data-cf-ver=\"1.9.7\" data-cf-form-id=\"CF57decb018ee5b\"><div id=\"caldera_notices_1\" data-spinner=\"https:\/\/csmbb.fr\/wp-admin\/images\/spinner.gif\"><\/div><form data-instance=\"1\" class=\"CF57decb018ee5b caldera_forms_form cfajax-trigger\" method=\"POST\" enctype=\"multipart\/form-data\" id=\"CF57decb018ee5b_1\" data-form-id=\"CF57decb018ee5b\" aria-label=\"Contacter le club\" data-target=\"#caldera_notices_1\" data-template=\"#cfajax_CF57decb018ee5b-tmpl\" data-cfajax=\"CF57decb018ee5b\" data-load-element=\"_parent\" data-load-class=\"cf_processing\" data-post-disable=\"0\" data-action=\"cf_process_ajax_submit\" data-request=\"https:\/\/csmbb.fr\/cf-api\/CF57decb018ee5b\" data-hiderows=\"true\">\r\n<input type=\"hidden\" id=\"_cf_verify_CF57decb018ee5b\" name=\"_cf_verify\" value=\"b5a6d6cd52\"  data-nonce-time=\"1778698362\" \/><input type=\"hidden\" name=\"_wp_http_referer\" value=\"\/index.php\/wp-json\/wp\/v2\/pages\/80\" \/><div id=\"cf2-CF57decb018ee5b_1\"><\/div><input type=\"hidden\" name=\"_cf_frm_id\" value=\"CF57decb018ee5b\">\r\n<input type=\"hidden\" name=\"_cf_frm_ct\" value=\"1\">\r\n<input type=\"hidden\" name=\"cfajax\" value=\"CF57decb018ee5b\">\r\n<input type=\"hidden\" name=\"_cf_cr_pst\" value=\"80\">\r\n<div class=\"hide\" style=\"display:none; overflow:hidden;height:0;width:0;\">\r\n<label>Url<\/label><input type=\"text\" name=\"url\" value=\"\" autocomplete=\"off\">\r\n<\/div><div id=\"CF57decb018ee5b_1-row-1\"  class=\"row  first_row\"><div  class=\"col-sm-12  single\"><div class=\"\"><h1>\n<p>On se fera un plaisir de vous r\u00e9pondre<\/p<\/h1>\n<hr>\n<\/div><\/div><\/div><div id=\"CF57decb018ee5b_1-row-2\"  class=\"row \"><div  class=\"col-sm-4  first_col\"><div data-field-wrapper=\"fld_8768091\" class=\"form-group\" id=\"fld_8768091_1-wrap\">\r\n\t<label id=\"fld_8768091Label\" for=\"fld_8768091_1\" class=\"control-label\">Nom <span aria-hidden=\"true\" role=\"presentation\" class=\"field_required\" style=\"color:#ee0000;\">*<\/span><\/label>\r\n\t<div class=\"\">\r\n\t\t<input   required type=\"text\" data-field=\"fld_8768091\" class=\" form-control\" id=\"fld_8768091_1\" name=\"fld_8768091\" value=\"\" data-type=\"text\" aria-required=\"true\"   aria-labelledby=\"fld_8768091Label\" >\t\t\t<\/div>\r\n<\/div>\r\n<div data-field-wrapper=\"fld_6009157\" class=\"form-group\" id=\"fld_6009157_1-wrap\">\r\n\t<label id=\"fld_6009157Label\" for=\"fld_6009157_1\" class=\"control-label\">Adresse e-mail <span aria-hidden=\"true\" role=\"presentation\" class=\"field_required\" style=\"color:#ee0000;\">*<\/span><\/label>\r\n\t<div class=\"\">\r\n\t\t<input   required type=\"email\" data-field=\"fld_6009157\" class=\" form-control\" id=\"fld_6009157_1\" name=\"fld_6009157\" value=\"\" data-type=\"email\" aria-required=\"true\"   aria-labelledby=\"fld_6009157Label\" >\t\t\t<\/div>\r\n<\/div>\r\n<\/div><div  class=\"col-sm-4 \"><\/div><div  class=\"col-sm-4  last_col\"><div data-field-wrapper=\"fld_9970286\" class=\"form-group\" id=\"fld_9970286_1-wrap\">\r\n\t<label id=\"fld_9970286Label\" for=\"fld_9970286_1\" class=\"control-label\">Pr\u00e9nom <span aria-hidden=\"true\" role=\"presentation\" class=\"field_required\" style=\"color:#ee0000;\">*<\/span><\/label>\r\n\t<div class=\"\">\r\n\t\t<input   required type=\"text\" data-field=\"fld_9970286\" class=\" form-control\" id=\"fld_9970286_1\" name=\"fld_9970286\" value=\"\" data-type=\"text\" aria-required=\"true\"   aria-labelledby=\"fld_9970286Label\" >\t\t\t<\/div>\r\n<\/div>\r\n<div data-field-wrapper=\"fld_3658709\" class=\"form-group .dropdown\" id=\"fld_3658709_1-wrap\">\r\n\t<label id=\"fld_3658709Label\" for=\"fld_3658709_1\" class=\"control-label\">Cat\u00e9gories<\/label>\r\n\t<div class=\"\">\r\n\t\t<select name=\"fld_3658709\" value=\"\" data-field=\"fld_3658709\" class=\"form-control\" id=\"fld_3658709_1\"    aria-labelledby=\"fld_3658709Label\" >\n\t\t<option value=\"\"><\/option>\r\n\t\t\t\t\t<option value=\"U09, 7 et 8 ans\"  data-calc-value=\"U09, 7 et 8 ans\" >\n\t\t\t\t\t\tU09, 7 et 8 ans\t\t\t\t\t<\/option>\n\t\t\t\t\t\t\t\t\t\t<option value=\"U11, 9 et 10 ans\"  data-calc-value=\"U11, 9 et 10 ans\" >\n\t\t\t\t\t\tU11, 9 et 10 ans\t\t\t\t\t<\/option>\n\t\t\t\t\t\t\t\t\t\t<option value=\"U13 masculin, 11 et 12 ans\"  data-calc-value=\"U13 masculin, 11 et 12 ans\" >\n\t\t\t\t\t\tU13 masculin, 11 et 12 ans\t\t\t\t\t<\/option>\n\t\t\t\t\t\t\t\t\t\t<option value=\"U15 masculin, 13 et 14 ans\"  data-calc-value=\"U15 masculin, 13 et 14 ans\" >\n\t\t\t\t\t\tU15 masculin, 13 et 14 ans\t\t\t\t\t<\/option>\n\t\t\t\t\t\t\t\t\t\t<option value=\"U18 masculin, 15, 16 et 17 ans\"  data-calc-value=\"U18 masculin, 15, 16 et 17 ans\" >\n\t\t\t\t\t\tU18 masculin, 15, 16 et 17 ans\t\t\t\t\t<\/option>\n\t\t\t\t\t\t\t\t\t\t<option value=\"U21 masculin, 18, 19 et 20 ans\"  data-calc-value=\"U21 masculin, 18, 19 et 20 ans\" >\n\t\t\t\t\t\tU21 masculin, 18, 19 et 20 ans\t\t\t\t\t<\/option>\n\t\t\t\t\t\t\t\t\t\t<option value=\"Seniors masculin, 21 ans et plus\"  data-calc-value=\"Seniors masculin, 21 ans et plus\" >\n\t\t\t\t\t\tSeniors masculin, 21 ans et plus\t\t\t\t\t<\/option>\n\t\t\t\t\t\t\t\t\t\t<option value=\"U13 f\u00e9minine, 11 et 12 ans\"  data-calc-value=\"U13 f\u00e9minine, 11 et 12 ans\" >\n\t\t\t\t\t\tU13 f\u00e9minine, 11 et 12 ans\t\t\t\t\t<\/option>\n\t\t\t\t\t\t\t\t\t\t<option value=\"U15 f\u00e9minine, 13 et 14 ans\"  data-calc-value=\"U15 f\u00e9minine, 13 et 14 ans\" >\n\t\t\t\t\t\tU15 f\u00e9minine, 13 et 14 ans\t\t\t\t\t<\/option>\n\t\t\t\t\t\t\t\t\t\t<option value=\"U18 f\u00e9minine, 15, 16 et 17 ans\"  data-calc-value=\"U18 f\u00e9minine, 15, 16 et 17 ans\" >\n\t\t\t\t\t\tU18 f\u00e9minine, 15, 16 et 17 ans\t\t\t\t\t<\/option>\n\t\t\t\t\t\t\t\t\t\t<option value=\"Seniors f\u00e9minine, 18 ans et plus\"  data-calc-value=\"Seniors f\u00e9minine, 18 ans et plus\" >\n\t\t\t\t\t\tSeniors f\u00e9minine, 18 ans et plus\t\t\t\t\t<\/option>\n\t\t\t\t\t\t\t\t\t\t<option value=\"Loisirs, 18 ans et plus\"  data-calc-value=\"Loisirs, 18 ans et plus\" >\n\t\t\t\t\t\tLoisirs, 18 ans et plus\t\t\t\t\t<\/option>\n\t\t\t\t\t\t\t<\/select>\n\t\t\t<\/div>\r\n<\/div>\r\n<\/div><\/div><div id=\"CF57decb018ee5b_1-row-3\"  class=\"row \"><div  class=\"col-sm-12  single\"><div class=\"\"><h2>Comment pouvons-nous vous aider?<\/h2>\n<\/p>\n<hr>\n<\/div><div data-field-wrapper=\"fld_7683514\" class=\"form-group\" id=\"fld_7683514_1-wrap\">\r\n\t<label id=\"fld_7683514Label\" for=\"fld_7683514_1\" class=\"control-label\">Commentaires \/ Questions <span aria-hidden=\"true\" role=\"presentation\" class=\"field_required\" style=\"color:#ee0000;\">*<\/span><\/label>\r\n\t<div class=\"\">\r\n\t\t<textarea name=\"fld_7683514\" value=\"\" data-field=\"fld_7683514\" class=\"form-control\" id=\"fld_7683514_1\" rows=\"7\"  required=\"required\"  aria-labelledby=\"fld_7683514Label\" ><\/textarea>\n\t\t\t<\/div>\r\n<\/div>\r\n<\/div><\/div><div id=\"CF57decb018ee5b_1-row-4\"  class=\"row  last_row\"><div  class=\"col-sm-12  single\"><div data-field-wrapper=\"fld_7908577\" class=\"form-group\" id=\"fld_7908577_1-wrap\">\r\n<div class=\"\">\r\n\t<input  class=\"btn btn-default\" type=\"submit\" name=\"fld_7908577\" id=\"fld_7908577_1\" value=\"Envoyer\" data-field=\"fld_7908577\"  >\n<\/div>\r\n<\/div>\r\n\t<input class=\"button_trigger_1\" type=\"hidden\" name=\"fld_7908577\" id=\"fld_7908577_1_btn\" value=\"\" data-field=\"fld_7908577\"  \/>\n<\/div><\/div><\/form>\r\n<\/div>\r\n\n\n\n\n<p><\/p>\n","protected":false},"excerpt":{"rendered":"<p>Questions fr\u00e9quentes<\/p>\n","protected":false},"author":1,"featured_media":1254,"parent":0,"menu_order":0,"comment_status":"closed","ping_status":"closed","template":"","meta":{"footnotes":""},"class_list":["post-80","page","type-page","status-publish","has-post-thumbnail","czr-hentry"],"_links":{"self":[{"href":"https:\/\/csmbb.fr\/index.php\/wp-json\/wp\/v2\/pages\/80","targetHints":{"allow":["GET"]}}],"collection":[{"href":"https:\/\/csmbb.fr\/index.php\/wp-json\/wp\/v2\/pages"}],"about":[{"href":"https:\/\/csmbb.fr\/index.php\/wp-json\/wp\/v2\/types\/page"}],"author":[{"embeddable":true,"href":"https:\/\/csmbb.fr\/index.php\/wp-json\/wp\/v2\/users\/1"}],"replies":[{"embeddable":true,"href":"https:\/\/csmbb.fr\/index.php\/wp-json\/wp\/v2\/comments?post=80"}],"version-history":[{"count":24,"href":"https:\/\/csmbb.fr\/index.php\/wp-json\/wp\/v2\/pages\/80\/revisions"}],"predecessor-version":[{"id":14615,"href":"https:\/\/csmbb.fr\/index.php\/wp-json\/wp\/v2\/pages\/80\/revisions\/14615"}],"wp:featuredmedia":[{"embeddable":true,"href":"https:\/\/csmbb.fr\/index.php\/wp-json\/wp\/v2\/media\/1254"}],"wp:attachment":[{"href":"https:\/\/csmbb.fr\/index.php\/wp-json\/wp\/v2\/media?parent=80"}],"curies":[{"name":"wp","href":"https:\/\/api.w.org\/{rel}","templated":true}]}}