{"id":1326,"date":"2017-07-24T13:16:24","date_gmt":"2017-07-24T11:16:24","guid":{"rendered":"https:\/\/www.csmbb.fr\/?page_id=1326"},"modified":"2024-09-30T21:23:53","modified_gmt":"2024-09-30T19:23:53","slug":"cotisations","status":"publish","type":"page","link":"https:\/\/csmbb.fr\/index.php\/cotisations\/","title":{"rendered":"Adh\u00e9sion et cotisations"},"content":{"rendered":"\n<figure class=\"wp-block-image size-full\"><img loading=\"lazy\" decoding=\"async\" width=\"767\" height=\"597\" src=\"https:\/\/www.csmbb.fr\/wp-content\/uploads\/2024\/06\/image.png\" alt=\"\" class=\"wp-image-14714\" srcset=\"https:\/\/csmbb.fr\/wp-content\/uploads\/2024\/06\/image.png 767w, https:\/\/csmbb.fr\/wp-content\/uploads\/2024\/06\/image-300x234.png 300w, https:\/\/csmbb.fr\/wp-content\/uploads\/2024\/06\/image-150x117.png 150w, https:\/\/csmbb.fr\/wp-content\/uploads\/2024\/06\/image-570x444.png 570w\" sizes=\"auto, (max-width: 767px) 100vw, 767px\" \/><\/figure>\n\n\n\n<h4 class=\"wp-block-heading\"><strong>OPTIONS<\/strong><\/h4>\n\n\n\n<p>Si vous habitez une villes qui n&rsquo;est pas membre de la&nbsp;<a href=\"http:\/\/comersis.fr\/communes.php?epci=249100546\" target=\"_blank\" rel=\"noreferrer noopener\">structure intercommunale du Val d&rsquo;Essonne&nbsp;<strong>\u00ab\u00a0CCVE\u00a0\u00bb<\/strong><\/a> vous devez ajouter l&rsquo;option :&nbsp;<strong>Communes hors CCVE 18 \u20ac<\/strong>&nbsp;au montant de la cotisation.<br><\/p>\n\n\n\n<ul class=\"wp-block-list\">\n<li>A partir de la cat\u00e9gorie&nbsp;<strong>U17<\/strong>, si vous \u00e9tiez licenci\u00e9 dans un autre club lors de la saison pr\u00e9c\u00e9dente, vous devez ajouter l&rsquo;option :&nbsp;<strong>Frais de mutation 50 \u20ac<\/strong>&nbsp;au montant de la cotisation.<\/li>\n<\/ul>\n\n\n\n<h4 class=\"wp-block-heading\"><strong>REDUCTIONS<\/strong><\/h4>\n\n\n\n<ul class=\"wp-block-list\">\n<li>Si vous inscrivez&nbsp;<strong>au moins&nbsp;2 membres d&rsquo;une m\u00eame famille<\/strong>, utilisez le code promo <strong>FA10<\/strong> pour une r\u00e9duction de&nbsp;<strong>10 \u20ac&nbsp;<\/strong>\u00e0 partir de la deuxi\u00e8me inscription.<br><\/li>\n\n\n\n<li>Si vous \u00eates&nbsp;<strong>demandeur d&#8217;emploi<\/strong>, et que vous vous inscrivez&nbsp;seul en&nbsp;<strong>senior ou U20<\/strong>,&nbsp;utilisez le code promo <strong>DE20<\/strong>&nbsp;pour une r\u00e9duction de&nbsp;<strong>20 \u20ac<\/strong>&nbsp;sur votre cotisation.<\/li>\n<\/ul>\n\n\n\n<p>Pour toute question, n&rsquo;h\u00e9sitez pas \u00e0 nous contacter. <\/p>\n\n\n\n<h2 class=\"wp-block-heading\"><a href=\"https:\/\/www.csmbb.fr\/index.php\/aides-financieres\/\" data-type=\"page\" data-id=\"14804\">Aides Financi\u00e8res<\/a><\/h2>\n\n\n\n<p><\/p>\n","protected":false},"excerpt":{"rendered":"<p>OPTIONS Si vous habitez une villes qui n&rsquo;est pas membre de la&nbsp;structure intercommunale du Val d&rsquo;Essonne&nbsp;\u00ab\u00a0CCVE\u00a0\u00bb vous devez ajouter l&rsquo;option :&nbsp;Communes hors CCVE 18 \u20ac&nbsp;au montant de la cotisation. REDUCTIONS Pour toute question, n&rsquo;h\u00e9sitez pas \u00e0 nous contacter. Aides Financi\u00e8res<\/p>\n","protected":false},"author":1,"featured_media":14261,"parent":0,"menu_order":0,"comment_status":"closed","ping_status":"closed","template":"","meta":{"footnotes":""},"class_list":["post-1326","page","type-page","status-publish","has-post-thumbnail","czr-hentry"],"_links":{"self":[{"href":"https:\/\/csmbb.fr\/index.php\/wp-json\/wp\/v2\/pages\/1326","targetHints":{"allow":["GET"]}}],"collection":[{"href":"https:\/\/csmbb.fr\/index.php\/wp-json\/wp\/v2\/pages"}],"about":[{"href":"https:\/\/csmbb.fr\/index.php\/wp-json\/wp\/v2\/types\/page"}],"author":[{"embeddable":true,"href":"https:\/\/csmbb.fr\/index.php\/wp-json\/wp\/v2\/users\/1"}],"replies":[{"embeddable":true,"href":"https:\/\/csmbb.fr\/index.php\/wp-json\/wp\/v2\/comments?post=1326"}],"version-history":[{"count":131,"href":"https:\/\/csmbb.fr\/index.php\/wp-json\/wp\/v2\/pages\/1326\/revisions"}],"predecessor-version":[{"id":14814,"href":"https:\/\/csmbb.fr\/index.php\/wp-json\/wp\/v2\/pages\/1326\/revisions\/14814"}],"wp:featuredmedia":[{"embeddable":true,"href":"https:\/\/csmbb.fr\/index.php\/wp-json\/wp\/v2\/media\/14261"}],"wp:attachment":[{"href":"https:\/\/csmbb.fr\/index.php\/wp-json\/wp\/v2\/media?parent=1326"}],"curies":[{"name":"wp","href":"https:\/\/api.w.org\/{rel}","templated":true}]}}